{"id":49017,"date":"2024-04-26T13:40:48","date_gmt":"2024-04-26T16:40:48","guid":{"rendered":"https:\/\/www.locaweb.com.br\/blog\/?page_id=49017"},"modified":"2024-09-19T17:46:47","modified_gmt":"2024-09-19T20:46:47","slug":"vps","status":"publish","type":"page","link":"https:\/\/www.locaweb.com.br\/blog\/vps\/","title":{"rendered":"VPS"},"content":{"rendered":"\n<!-- Hero ou banner -->\n        <div class=\"hero\">\n            <img decoding=\"async\" class=\"bg-hero\" src=\"https:\/\/www.locaweb.com.br\/blog\/wp-content\/uploads\/2024\/04\/varejo-high.jpg\" alt=\"Transi\u00e7\u00e3o para a Nuvem: Como a VPS Locaweb est\u00e1 redefinindo a efici\u00eancia empresarial\" width=\"1920\" height=\"520\" \/>\n\n            <div class=\"info-container\">\n                <section class=\"hero-info\">\n                    <h1>\n                        <span>Servidor VPS Locaweb:<\/span>\n                        flexibilidade e autonomia que voc\u00ea precisa!\n                    <\/h1>\n                    <p>Seja qual for o seu projeto, o servidor virtual da Locaweb oferece a solu\u00e7\u00e3o perfeita para sistemas operacionais Linux e Windows. Tenha todos os recursos de um servidor f\u00edsico, agora virtualizados na nuvem!<\/p>\n                    <div class=\"action-buttons\">\n                        <a class=\"transparent\" href=\"https:\/\/xwc-locaweb.xgen.com.br\/locaweb\/locaweblayout.dll?f=F7004&#038;ct=CONTRATAR_COMERCIAL\" title=\"Varejo High\">\n                            Tire suas d\u00favidas\n                        <\/a>\n                        <a class=\"color\" href=\"https:\/\/www.locaweb.com.br\/servidor-vps\/?utm_source=blog&#038;utm_medium=own&#038;utm_campaign=blog-vps-pagina-high&#038;utm_id=blog#planos\" title=\"Varejo High\">\n                            Planos e caracter\u00edsticas\n                        <\/a>\n                    <\/div>\n                <\/section>\n                <img decoding=\"async\" class=\"bg-hero-inside\" src=\"https:\/\/www.locaweb.com.br\/blog\/wp-content\/uploads\/2024\/04\/varejo-high-inside.png\" alt=\"Transi\u00e7\u00e3o para a Nuvem: Como a VPS Locaweb est\u00e1 redefinindo a efici\u00eancia empresarial\" width=\"648\" height=\"520\" \/>\n            <\/div>\n        <\/div>\n        <!-- Fim da se\u00e7\u00e3o Hero ou banner -->\n\n        <!-- Conhe\u00e7a os planos -->\n        <div class=\"features\">\n            <ul class=\"features-list\">\n                <li>\n                    <h3>Seguran\u00e7a e confiabilidade<\/h3>\n                    <p>Com o VPS Locaweb voc\u00ea (profissional de TI, gerente de projetos ou empres\u00e1rio) pode ter a tranquilidade de hospedar seus sistemas em uma infraestrutura robusta e confi\u00e1vel. Somos pioneiros em Hospedagem de sites, com data center no Brasil.<\/p>\n                    <a class=\"color\" href=\"https:\/\/www.locaweb.com.br\/servidor-vps\/?utm_source=blog&#038;utm_medium=own&#038;utm_campaign=blog-vps-pagina-high&#038;utm_id=blog#funcionalidades\" target=\"_blank\" title=\"Funcionalidades e diferenciais\" rel=\"noopener\">\n                        Funcionalidades e diferenciais\n                    <\/a>\n                <\/li>\n                <li>\n                    <h3>Suporte t\u00e9cnico especializado<\/h3>\n                    <p> A Locaweb \u00e9 reconhecida como a l\u00edder em web hosting no Brasil. Temos uma equipe qualificada para te atender sempre que voc\u00ea precisar, com suporte t\u00e9cnico especializado 24&#215;7 em portugu\u00eas e em tempo real.<\/p>\n                    <a class=\"color\" href=\"https:\/\/api.whatsapp.com\/send?phone=551135440525\" target=\"_blank\" title=\"Fale com a nossa equipe\" rel=\"noopener\">\n                        Fale com a nossa equipe\n                    <\/a>\n                <\/li>\n                <li>\n                    <h3>Migra\u00e7\u00e3o segura <\/h3>\n                    <p>Nosso processo simplificado de migra\u00e7\u00e3o torna a transi\u00e7\u00e3o para o VPS Locaweb uma escolha f\u00e1cil e sem complica\u00e7\u00f5es. Pague em moeda nacional sem surpresas com a varia\u00e7\u00e3o do d\u00f3lar e com todos os impostos inclusos.<\/p>\n                    <a class=\"color\" href=\"https:\/\/www.locaweb.com.br\/servidor-vps\/?utm_source=blog&#038;utm_medium=own&#038;utm_campaign=blog-vps-pagina-high&#038;utm_id=blog#planos\" target=\"_blank\" title=\"Ver planos\" rel=\"noopener\">\n                        Ver planos\n                    <\/a>\n                <\/li>\n            <\/ul>\n        <\/div>\n        <!-- Fim da se\u00e7\u00e3o Planos e caracter\u00edsticas -->\n\n        <!-- Servi\u00e7os -->\n        <div class=\"service\">\n            <div class=\"service-container\">\n                <section>\n                    <h2>Por que escolher o VPS Locaweb?<\/h2>\n                    <a class=\"color\" href=\"https:\/\/www.locaweb.com.br\/servidor-vps\/?utm_source=blog&#038;utm_medium=own&#038;utm_campaign=blog-vps-pagina-high&#038;utm_id=blog#especificacoes\" target=\"_blank\" title=\"D\u00ea um upgrade na sua presen\u00e7a online\" rel=\"noopener\">\n                        D\u00ea um upgrade na sua presen\u00e7a online\n                    <\/a>\n                <\/section>\n                <div class=\"service-resume\">\n                    <p>\n                        Com o VPS Locaweb, voc\u00ea obt\u00e9m um servidor virtual privado com excelentes vantagens como: SLA de 99,8%, baixa lat\u00eancia e produtividade. Conte com uma parceria s\u00f3lida e confi\u00e1vel para impulsionar o sucesso de seus projetos (ERPs, Sistemas de Gest\u00e3o, CRM e outros).\n                    <\/p>\n                    <p>\n                     N\u00e3o deixe o potencial do seu neg\u00f3cio ser limitado por escolhas inadequadas. Contrate o VPS Locaweb e d\u00ea o pr\u00f3ximo passo para o sucesso online de suas aplica\u00e7\u00f5es. Entre em contato hoje mesmo para come\u00e7ar a sua jornada em um servidor virtual privado.\n                    <\/p>\n                <\/div>\n            <\/div>\n        <\/div>\n        <!-- Fim da se\u00e7\u00e3o Servi\u00e7os -->\n\n<!-- Formul\u00e1rio -->\n        <div class=\"newsletter-container\">\n            <section>\n                <h2>\n                    Tem d\u00favidas sobre nossos servi\u00e7os de VPS?\n                <\/h2>\n                <p>\n                    Envie sua pergunta atrav\u00e9s do nosso formul\u00e1rio de contato. Nossa equipe est\u00e1 pronta para ajudar voc\u00ea!\n                <\/p>\n                \n<div class=\"wpcf7 no-js\" id=\"wpcf7-f49447-o1\" lang=\"pt-BR\" dir=\"ltr\" data-wpcf7-id=\"49447\">\n<div class=\"screen-reader-response\"><p role=\"status\" aria-live=\"polite\" aria-atomic=\"true\"><\/p> <ul><\/ul><\/div>\n<form action=\"\/blog\/wp-json\/wp\/v2\/pages\/49017#wpcf7-f49447-o1\" method=\"post\" class=\"wpcf7-form init\" aria-label=\"Formul\u00e1rios de contato\" novalidate=\"novalidate\" data-status=\"init\">\n<fieldset class=\"hidden-fields-container\"><input type=\"hidden\" name=\"_wpcf7\" value=\"49447\" \/><input type=\"hidden\" name=\"_wpcf7_version\" value=\"6.1.5\" \/><input type=\"hidden\" name=\"_wpcf7_locale\" value=\"pt_BR\" \/><input type=\"hidden\" name=\"_wpcf7_unit_tag\" value=\"wpcf7-f49447-o1\" \/><input type=\"hidden\" name=\"_wpcf7_container_post\" value=\"0\" \/><input type=\"hidden\" name=\"_wpcf7_posted_data_hash\" value=\"\" \/><input type=\"hidden\" name=\"_wpcf7_recaptcha_response\" value=\"\" \/>\n<\/fieldset>\n<fieldset>\n\t<div class=\"field\">\n\t\t<p><label><br \/>\n<span class=\"wpcf7-form-control-wrap\" data-name=\"nome\"><input size=\"40\" maxlength=\"400\" class=\"wpcf7-form-control wpcf7-text wpcf7-validates-as-required\" aria-required=\"true\" aria-invalid=\"false\" placeholder=\"Nome\" value=\"\" type=\"text\" name=\"nome\" \/><\/span><br \/>\n<\/label>\n\t\t<\/p>\n\t<\/div>\n\t<div class=\"field\">\n\t\t<p><label><br \/>\n<span class=\"wpcf7-form-control-wrap\" data-name=\"email\"><input size=\"40\" maxlength=\"400\" class=\"wpcf7-form-control wpcf7-email wpcf7-validates-as-required wpcf7-text wpcf7-validates-as-email\" aria-required=\"true\" aria-invalid=\"false\" placeholder=\"E-mail Corporativo\" value=\"\" type=\"email\" name=\"email\" \/><\/span><br \/>\n<\/label>\n\t\t<\/p>\n\t<\/div>\n\t<div class=\"field\">\n\t\t<p><label><br \/>\n<span class=\"wpcf7-form-control-wrap\" data-name=\"telefone\"><input size=\"40\" maxlength=\"400\" class=\"wpcf7-form-control wpcf7-text wpcf7-validates-as-required js-mask-phone\" aria-required=\"true\" aria-invalid=\"false\" placeholder=\"Telefone\" value=\"\" type=\"text\" name=\"telefone\" \/><\/span><br \/>\n<\/label>\n\t\t<\/p>\n\t<\/div>\n\t<div class=\"field\">\n\t\t<p><label><br \/>\n<span class=\"wpcf7-form-control-wrap\" data-name=\"empresa\"><input size=\"40\" maxlength=\"400\" class=\"wpcf7-form-control wpcf7-text wpcf7-validates-as-required\" aria-required=\"true\" aria-invalid=\"false\" placeholder=\"Empresa\" value=\"\" type=\"text\" name=\"empresa\" \/><\/span><br \/>\n<\/label>\n\t\t<\/p>\n\t<\/div>\n\t<div class=\"field\">\n\t\t<p><label><br \/>\n<span class=\"wpcf7-form-control-wrap\" data-name=\"segmento\"><select class=\"wpcf7-form-control wpcf7-select wpcf7-validates-as-required\" aria-required=\"true\" aria-invalid=\"false\" name=\"segmento\"><option value=\"\">&#8212;Escolha uma op\u00e7\u00e3o&#8212;<\/option><option value=\"Distribuidora \/ Atacadista\">Distribuidora \/ Atacadista<\/option><option value=\"Engenharia e Arquitetura\">Engenharia e Arquitetura<\/option><option value=\"Prestadores de Servi\u00e7os\">Prestadores de Servi\u00e7os<\/option><option value=\"Publicidade e Marketing\">Publicidade e Marketing<\/option><option value=\"Sa\u00fade\">Sa\u00fade<\/option><option value=\"Servi\u00e7os Administrativos\">Servi\u00e7os Administrativos<\/option><option value=\"Tecnologia\">Tecnologia<\/option><option value=\"Telecomunica\u00e7\u00e3o\">Telecomunica\u00e7\u00e3o<\/option><option value=\"Varejo\">Varejo<\/option><option value=\"ONG e Associa\u00e7\u00f5es\">ONG e Associa\u00e7\u00f5es<\/option><option value=\"Outros\">Outros<\/option><\/select><\/span><br \/>\n<\/label>\n\t\t<\/p>\n\t<\/div>\n\t<div class=\"field\">\n\t\t<p><label><br \/>\n<span class=\"wpcf7-form-control-wrap\" data-name=\"descricao-do-projeto\"><textarea cols=\"40\" rows=\"10\" maxlength=\"2000\" class=\"wpcf7-form-control wpcf7-textarea wpcf7-validates-as-required\" aria-required=\"true\" aria-invalid=\"false\" placeholder=\"Descreva seu projeto...\" name=\"descricao-do-projeto\"><\/textarea><\/span><br \/>\n<\/label>\n\t\t<\/p>\n\t<\/div>\n\t<p><small class=\"terms\"><br \/>\n<span class=\"wpcf7-form-control-wrap\" data-name=\"privacy-contact\"><span class=\"wpcf7-form-control wpcf7-acceptance\"><span class=\"wpcf7-list-item\"><input type=\"checkbox\" name=\"privacy-contact\" value=\"1\" class=\"form-terms-container\" aria-invalid=\"false\" \/><\/span><\/span><\/span> Ao assinar, voc\u00ea concorda em receber nossas comunica\u00e7\u00f5es e est\u00e1 de acordo com as nossas <a href=\"https:\/\/www.locaweb.com.br\/politicas\/\" target=\"_blank\" rel=\"external\">Pol\u00edticas de Privacidade<\/a>.<br \/>\n<\/small>\n\t<\/p>\n\t<div class=\"field submit\">\n\t\t<p><input class=\"wpcf7-form-control wpcf7-submit has-spinner button\" type=\"submit\" value=\"Enviar\" \/>\n\t\t<\/p>\n\t<\/div>\n<\/fieldset><p style=\"display: none !important;\" class=\"akismet-fields-container\" data-prefix=\"_wpcf7_ak_\"><label>&#916;<textarea name=\"_wpcf7_ak_hp_textarea\" cols=\"45\" rows=\"8\" maxlength=\"100\"><\/textarea><\/label><input type=\"hidden\" id=\"ak_js_1\" name=\"_wpcf7_ak_js\" value=\"223\"\/><script type=\"text\/javascript\">\n\/* <![CDATA[ *\/\ndocument.getElementById( \"ak_js_1\" ).setAttribute( \"value\", ( new Date() ).getTime() );\n\/* ]]> *\/\n<\/script>\n<\/p><div class=\"wpcf7-response-output\" aria-hidden=\"true\"><\/div>\n<\/form>\n<\/div>\n\n            <\/section>\n        <\/div>\n\n        <!-- Depoimentos -->\n        <div class=\"depositions\">\n            <div class=\"depositions-container\">\n                <section>\n                    <h2>&#8220;Decidimos migrar nossas aplica\u00e7\u00f5es para a Locaweb ap\u00f3s considerar diversos fatores cruciais para nosso neg\u00f3cio. A equipe proporcionou um atendimento sempre em tempo real e com uma r\u00e1pida resolu\u00e7\u00e3o de problemas. Isso nos permitiu otimizar consideravelmente nosso tempo, evitando aberturas de tickets com retornos prolongados. Estamos extremamente satisfeitos com a decis\u00e3o de migrar para a Locaweb e recomendamos os servi\u00e7os a todos que buscam efici\u00eancia, confiabilidade e um suporte excepcional.&#8221;<\/h2>\n                    <div class=\"author-statement\">\n                        <img decoding=\"async\" src=\"https:\/\/www.locaweb.com.br\/blog\/wp-content\/uploads\/2024\/04\/depositions.png\" alt=\"Fabiano Silva Pereira - Equipe Locaweb \/ Cloud e VPS\" width=\"70\" height=\"70\" \/>\n                        <p>\n                            Fabiano Silva Pereira <br>\n                            <span>Cliente VPS<\/span>\n                        <\/p>\n                    <\/div>\n                <\/section>\n            <\/div>\n        <\/div>\n        <!-- Fim da se\u00e7\u00e3o Depoimentos -->\n","protected":false},"excerpt":{"rendered":"<p>Servidor VPS Locaweb: flexibilidade e autonomia que voc\u00ea precisa! Seja qual for o seu projeto, o servidor virtual da Locaweb oferece a solu\u00e7\u00e3o perfeita para sistemas operacionais Linux e Windows. Tenha todos os recursos de um servidor f\u00edsico, agora virtualizados na nuvem! Tire suas d\u00favidas Planos e caracter\u00edsticas Seguran\u00e7a e confiabilidade Com o VPS Locaweb [&hellip;]<\/p>\n","protected":false},"author":1,"featured_media":0,"parent":0,"menu_order":0,"comment_status":"closed","ping_status":"closed","template":"page-varejo-high.php","meta":{"_acf_changed":false,"footnotes":""},"class_list":["post-49017","page","type-page","status-publish","hentry"],"acf":[],"_links":{"self":[{"href":"https:\/\/www.locaweb.com.br\/blog\/wp-json\/wp\/v2\/pages\/49017","targetHints":{"allow":["GET"]}}],"collection":[{"href":"https:\/\/www.locaweb.com.br\/blog\/wp-json\/wp\/v2\/pages"}],"about":[{"href":"https:\/\/www.locaweb.com.br\/blog\/wp-json\/wp\/v2\/types\/page"}],"author":[{"embeddable":true,"href":"https:\/\/www.locaweb.com.br\/blog\/wp-json\/wp\/v2\/users\/1"}],"replies":[{"embeddable":true,"href":"https:\/\/www.locaweb.com.br\/blog\/wp-json\/wp\/v2\/comments?post=49017"}],"version-history":[{"count":47,"href":"https:\/\/www.locaweb.com.br\/blog\/wp-json\/wp\/v2\/pages\/49017\/revisions"}],"predecessor-version":[{"id":52080,"href":"https:\/\/www.locaweb.com.br\/blog\/wp-json\/wp\/v2\/pages\/49017\/revisions\/52080"}],"wp:attachment":[{"href":"https:\/\/www.locaweb.com.br\/blog\/wp-json\/wp\/v2\/media?parent=49017"}],"curies":[{"name":"wp","href":"https:\/\/api.w.org\/{rel}","templated":true}]}}